{"id":1380,"date":"2024-03-19T18:09:39","date_gmt":"2024-03-19T17:09:39","guid":{"rendered":"https:\/\/newtrust.it\/protezione-dei-dati\/"},"modified":"2025-08-23T23:37:58","modified_gmt":"2025-08-23T21:37:58","slug":"protezione-dei-dati","status":"publish","type":"page","link":"https:\/\/newtrust.it\/it\/protezione-dei-dati\/","title":{"rendered":"Protezione dei dati"},"content":{"rendered":"\t\t<div data-elementor-type=\"wp-page\" data-elementor-id=\"1380\" class=\"elementor elementor-1380 elementor-217\" data-elementor-post-type=\"page\">\n\t\t\t\t<div class=\"elementor-element elementor-element-0168c08 e-flex e-con-boxed e-con e-parent\" data-id=\"0168c08\" data-element_type=\"container\" data-e-type=\"container\">\n\t\t\t\t\t<div class=\"e-con-inner\">\n\t\t\t\t<div class=\"elementor-element elementor-element-35f7e55 elementor-widget elementor-widget-heading\" data-id=\"35f7e55\" data-element_type=\"widget\" data-e-type=\"widget\" data-widget_type=\"heading.default\">\n\t\t\t\t<div class=\"elementor-widget-container\">\n\t\t\t\t\t<h2 class=\"elementor-heading-title elementor-size-default\">Informativa sulla privacy<\/h2>\t\t\t\t<\/div>\n\t\t\t\t<\/div>\n\t\t\t\t<div class=\"elementor-element elementor-element-09ce5f0 elementor-widget elementor-widget-text-editor\" data-id=\"09ce5f0\" data-element_type=\"widget\" data-e-type=\"widget\" data-widget_type=\"text-editor.default\">\n\t\t\t\t<div class=\"elementor-widget-container\">\n\t\t\t\t\t\t\t\t\t<p>La protezione dei vostri dati personali \u00e8 per noi particolarmente importante. Trattiamo quindi i vostri dati esclusivamente sulla base delle disposizioni di legge (GDPR, TKG 2003). Nella presente informativa sulla protezione dei dati vi informiamo sugli aspetti pi\u00f9 importanti del trattamento dei dati nell&#8217;ambito del nostro sito web.  <\/p><p><strong>Contattaci<\/strong><\/p><p>Se ci contattate tramite il modulo sul sito web o via e-mail, i dati da voi forniti saranno da noi memorizzati allo scopo di elaborare la richiesta e in caso di domande successive. Non trasmetteremo questi dati senza il vostro consenso. <\/p><p><strong>Cookies<\/strong><\/p><p>Il nostro sito web utilizza i cosiddetti cookie. Si tratta di piccoli file di testo che vengono memorizzati sul vostro dispositivo tramite il browser. Non causano alcun danno. Utilizziamo i cookie per rendere la nostra offerta pi\u00f9 facile da usare. Alcuni cookie rimangono memorizzati sul vostro dispositivo fino a quando non li cancellate. Ci consentono, ad esempio, di riconoscere il vostro browser alla vostra prossima visita. Se non lo desiderate, potete impostare il vostro browser in modo che vi informi sull&#8217;installazione dei cookie e vi consenta di accettarli solo in singoli casi. La disattivazione dei cookie pu\u00f2 limitare la funzionalit\u00e0 del nostro sito web.       <\/p><p><strong>Dati di accesso<\/strong><\/p><p>Il gestore del sito web o il provider del sito raccoglie dati relativi agli accessi al sito e li memorizza come \u201cfile di log del server\u201d. Vengono registrati i seguenti dati: sito web visitato, ora dell&#8217;accesso, quantit\u00e0 di dati inviati in byte, fonte\/riferimento da cui si \u00e8 giunti al sito, browser utilizzato, sistema operativo utilizzato e indirizzo IP utilizzato. I dati raccolti servono esclusivamente a fini statistici e per migliorare il sito web.  <\/p><p><strong>Crittografia SSL<\/strong><\/p><p>Per proteggere al meglio i dati trasmessi, questo sito web utilizza la crittografia SSL. \u00c8 possibile riconoscere le connessioni crittografate dal prefisso https:\/\/ nel link della pagina nella barra degli indirizzi del browser. Le pagine non crittografate sono contrassegnate da http:\/\/. Tutti i dati che trasmettete a questo sito web, ad esempio durante le richieste o gli accessi, non possono essere letti da terzi grazie alla crittografia SSL.   <\/p><p><strong>Commenti e contributi<\/strong><\/p><p>Se lasciate un contributo o un commento su questo sito web, il vostro indirizzo IP verr\u00e0 memorizzato. Ci\u00f2 serve a garantire la sicurezza del gestore del sito web: se il vostro testo viola la legge, egli desidera poter risalire alla vostra identit\u00e0. <\/p><p><strong>Google Fonts<\/strong><\/p><p>Questo sito web utilizza font (font web online) della societ\u00e0 Google per una migliore visualizzazione dei contenuti. A tal fine vengono integrati font provenienti da server esterni della societ\u00e0 Google Inc., 1600 Amphitheatre Parkway Mountain View, CA 94043, USA. A questo scopo viene stabilita una connessione dati con i server di Google, ai quali vengono trasmessi e l\u00ec memorizzati i dati.<\/p><p>Qui trovate l&#8217;informativa sulla privacy e le condizioni d&#8217;uso di Google:<br><a href=\"https:\/\/policies.google.com\/privacy?hl=de\" target=\"_blank\" rel=\"noopener\">https:\/\/policies.google.com\/privacy?hl=de<\/a><\/p><p>Informazioni sui Google Webfonts:<br><a href=\"https:\/\/developers.google.com\/fonts\/faq\" target=\"_blank\" rel=\"noopener\">https:\/\/developers.google.com\/fonts\/faq<\/a><\/p><p><strong>Google Maps<\/strong><\/p><p>Questo sito web utilizza materiale cartografico fornito da Google. Questo servizio (Google Maps) \u00e8 fornito dalla societ\u00e0 Google Inc., 1600 Amphitheatre Parkway Mountain View, CA 94043, USA. Quando si accede a una pagina di Google Maps, viene stabilita una connessione dati con i server di Google e i dati vengono trasferiti e memorizzati su tali server.<\/p><p>Maggiori dettagli sono disponibili qui:<br><a href=\"https:\/\/policies.google.com\/privacy?hl=de\" target=\"_blank\" rel=\"noopener\">https:\/\/policies.google.com\/privacy?hl=de<\/a><\/p><p><strong>Video YouTube<\/strong><\/p><p>Su questo sito web integriamo video YouTube tramite i cosiddetti iFrame. Quando si caricano pagine con video YouTube, i dati vengono trasmessi alla societ\u00e0 YouTube LLC, 901 Cherry Ave., San Bruno, CA 94066, USA, e l\u00ec memorizzati. Se avete un account YouTube e avete effettuato l&#8217;accesso a YouTube con esso, questi dati saranno collegati al vostro account.<\/p><p>Maggiori dettagli sono disponibili qui<br><a href=\"https:\/\/www.google.com\/intl\/de\/policies\/privacy\/\" target=\"_blank\" rel=\"noopener\">https:\/\/www.google.com\/intl\/de\/policies\/privacy\/<\/a><\/p><p><strong>I suoi diritti<\/strong><\/p><p>In linea di principio, avete diritto all&#8217;informazione, alla rettifica, alla cancellazione, alla limitazione, alla portabilit\u00e0 dei dati, alla revoca e all&#8217;opposizione. Se ritenete che il trattamento dei vostri dati violi la legge sulla protezione dei dati o che i vostri diritti in materia di protezione dei dati siano stati violati in altro modo, potete presentare un reclamo all&#8217;autorit\u00e0 di controllo. In Austria, tale autorit\u00e0 \u00e8 l&#8217;Autorit\u00e0 per la protezione dei dati.  <\/p><p>Potete contattarci ai seguenti recapiti:<\/p><p><strong>newTrust srl.<\/strong><\/p><p><strong>Museumsstra\u00dfe 13<\/strong><br><strong>39100 Bozen<\/strong><br><strong>Italien<\/strong><\/p><p><strong>info@newtrust.it<\/strong><\/p><p> <\/p><p>Fonte dei punti: \u201cDati di accesso\u201d, \u201cCommenti e contributi\u201d e \u201cCrittografia SSL\u201d: datenschutz.org<\/p>\t\t\t\t\t\t\t\t<\/div>\n\t\t\t\t<\/div>\n\t\t\t\t\t<\/div>\n\t\t\t\t<\/div>\n\t\t\t\t<\/div>\n\t\t","protected":false},"excerpt":{"rendered":"<p>Informativa sulla privacy La protezione dei vostri dati personali \u00e8 per noi particolarmente importante. Trattiamo quindi i vostri dati esclusivamente sulla base delle disposizioni di legge (GDPR, TKG 2003). Nella presente informativa sulla protezione dei dati vi informiamo sugli aspetti pi\u00f9 importanti del trattamento dei dati nell&#8217;ambito del nostro sito web. Contattaci Se ci contattate [&hellip;]<\/p>\n","protected":false},"author":1,"featured_media":0,"parent":0,"menu_order":0,"comment_status":"closed","ping_status":"closed","template":"","meta":{"footnotes":""},"class_list":["post-1380","page","type-page","status-publish","hentry"],"_links":{"self":[{"href":"https:\/\/newtrust.it\/it\/wp-json\/wp\/v2\/pages\/1380","targetHints":{"allow":["GET"]}}],"collection":[{"href":"https:\/\/newtrust.it\/it\/wp-json\/wp\/v2\/pages"}],"about":[{"href":"https:\/\/newtrust.it\/it\/wp-json\/wp\/v2\/types\/page"}],"author":[{"embeddable":true,"href":"https:\/\/newtrust.it\/it\/wp-json\/wp\/v2\/users\/1"}],"replies":[{"embeddable":true,"href":"https:\/\/newtrust.it\/it\/wp-json\/wp\/v2\/comments?post=1380"}],"version-history":[{"count":3,"href":"https:\/\/newtrust.it\/it\/wp-json\/wp\/v2\/pages\/1380\/revisions"}],"predecessor-version":[{"id":1383,"href":"https:\/\/newtrust.it\/it\/wp-json\/wp\/v2\/pages\/1380\/revisions\/1383"}],"wp:attachment":[{"href":"https:\/\/newtrust.it\/it\/wp-json\/wp\/v2\/media?parent=1380"}],"curies":[{"name":"wp","href":"https:\/\/api.w.org\/{rel}","templated":true}]}}